{"id":989,"date":"2025-10-28T15:36:32","date_gmt":"2025-10-28T14:36:32","guid":{"rendered":"https:\/\/sobyso.be\/?page_id=989"},"modified":"2025-10-28T15:53:12","modified_gmt":"2025-10-28T14:53:12","slug":"la-pyramide-de-soin","status":"publish","type":"page","link":"https:\/\/sobyso.be\/?page_id=989","title":{"rendered":"La Pyramide de Soin"},"content":{"rendered":"\n<h1 class=\"wp-block-heading has-text-color has-link-color wp-elements-c0392a8e2620d2182a8d4a5f954166df\" style=\"color:#909191\">La Pyramide de Soin<\/h1>\n\n\n\n<p>Nouvellement arriv\u00e9e et en exclusivit\u00e9 au Cabinet SobySO<\/p>\n\n\n\n<p><a><\/a>Cette structure symbolique 100% en Zinc recharge et harmonise votre \u00e9nergie en associant parfaitement diff\u00e9rents soins comme la musicoth\u00e9rapie, l\u2019olfactotherapie et la lithotherapie.<\/p>\n\n\n\n<p>S\u00e9ance \u00e9volutive sur base de votre intention et vos besoins: 10 minutes la 1ere s\u00e9ance et 20 minutes les suivantes.<\/p>\n\n\n\n<p>Pour les adultes comme pour les enfants, elle recharge vos batteries en moins de temps u&#8217;il ne faut pour le dire!<\/p>\n","protected":false},"excerpt":{"rendered":"<p><a class=\"more-link\" href=\"https:\/\/sobyso.be\/?page_id=989\">Read More<\/a><\/p>\n","protected":false},"author":1,"featured_media":0,"parent":0,"menu_order":0,"comment_status":"closed","ping_status":"closed","template":"","meta":{"footnotes":""},"class_list":["post-989","page","type-page","status-publish","hentry"],"_links":{"self":[{"href":"https:\/\/sobyso.be\/index.php?rest_route=\/wp\/v2\/pages\/989"}],"collection":[{"href":"https:\/\/sobyso.be\/index.php?rest_route=\/wp\/v2\/pages"}],"about":[{"href":"https:\/\/sobyso.be\/index.php?rest_route=\/wp\/v2\/types\/page"}],"author":[{"embeddable":true,"href":"https:\/\/sobyso.be\/index.php?rest_route=\/wp\/v2\/users\/1"}],"replies":[{"embeddable":true,"href":"https:\/\/sobyso.be\/index.php?rest_route=%2Fwp%2Fv2%2Fcomments&post=989"}],"version-history":[{"count":4,"href":"https:\/\/sobyso.be\/index.php?rest_route=\/wp\/v2\/pages\/989\/revisions"}],"predecessor-version":[{"id":995,"href":"https:\/\/sobyso.be\/index.php?rest_route=\/wp\/v2\/pages\/989\/revisions\/995"}],"wp:attachment":[{"href":"https:\/\/sobyso.be\/index.php?rest_route=%2Fwp%2Fv2%2Fmedia&parent=989"}],"curies":[{"name":"wp","href":"https:\/\/api.w.org\/{rel}","templated":true}]}}